{"id":14282,"date":"2025-06-08T20:34:23","date_gmt":"2025-06-08T20:34:23","guid":{"rendered":"https:\/\/crea-tor.com\/?post_type=product&#038;p=14282"},"modified":"2025-06-08T20:34:23","modified_gmt":"2025-06-08T20:34:23","slug":"autel-evo-ii-pro-rtk-rugged-bundle-drone-z-kamera-6k","status":"publish","type":"product","link":"https:\/\/crea-tor.com\/uk\/product\/autel-evo-ii-pro-rtk-rugged-bundle-drone-z-kamera-6k\/","title":{"rendered":"Autel EVO II Pro RTK Rugged Bundle \u2013 \u0414\u0440\u043e\u043d \u0437 \u043a\u0430\u043c\u0435\u0440\u043e\u044e 6K"},"content":{"rendered":"<ul>\n<li id=\"grouped-content-31231403-e83b-42d8-9d6d-4637c6386dc9-0-content\" class=\"active grouped-content-content\" role=\"tabpanel\"><span data-mce-fragment=\"1\">EVO II Pro RTK \u0456\u043d\u0442\u0435\u0433\u0440\u0443\u0454 \u043d\u0438\u043d\u0456\u0448\u043d\u0456\u0439 \u043c\u043e\u0434\u0443\u043b\u044c RTK, \u044f\u043a\u0438\u0439 \u0437\u0430\u043f\u043e\u0432\u043d\u044e\u0454 \u0434\u0430\u043d\u0435 \u043f\u043e\u0437\u0438\u0446\u0456\u043e\u043d\u0443\u0432\u0430\u043d\u043d\u044f \u043d\u0430 \u043f\u043e\u0437\u0438\u0446\u0456\u044e \u0441\u0430\u043d\u0442\u0438\u043c\u0435\u0442\u0440\u0430 \u0437 \u0447\u0430\u0441\u0442\u043e\u0442\u043e\u044e \u0456 \u043e\u0431\u0441\u043b\u0443\u0433\u043e\u0432\u0443\u0454 \u043a\u0456\u043d\u0435\u043c\u0430\u0442\u0438\u0447\u043d\u0443 \u043f\u043e\u0441\u0442-\u043e\u0431\u0440\u043e\u0431\u043a\u0443 (PPK). Samolot mo\u017ce rejestrowa\u0107 oryginalne dane z obserwacji satelitarnych, parametry ekspozycji kamery i r\u00f3\u017cne inne dane. System pozycjonowania obs\u0142uguje stacj\u0119 bazow\u0105 A-RTK i sie\u0107 RTK, co pomaga zapewni\u0107 stabilne, do\u0142adne pozyskiwanie danych w z\u0142o\u017conych \u015brodowiskach operacyjnych.<\/span>\n<div style=\"text-align: start;\"><\/div>\n<div style=\"text-align: start;\">\n<h2 class=\"wow fadeInDown animated animated\">\u0423\u0445\u0432\u0438\u0446\u044c \u043a\u043e\u0436\u043d\u043e\u0433\u043e \u0449\u0435\u0433\u043e\u043b\u0443<\/h2>\n<\/div>\n<div style=\"text-align: start;\">EVO II Pro RTK ma vysoki zakres dynamiki i vysok\u0105 wydajno\u015b\u0107 przy s\u0142abym o\u015bwietleniu, umo\u017cliwiaj\u0105c u\u017cytkownikom przechwytywanie wyra\u017anych zdj\u0119\u0107 bez utraty szczeg\u00f3\u0142owych informacji.<\/div>\n<div style=\"text-align: start;\" data-mce-fragment=\"1\"><\/div>\n<div style=\"text-align: start;\" data-mce-fragment=\"1\"><img decoding=\"async\" style=\"float: none;\" src=\"https:\/\/crea-tor.com\/wp-content\/uploads\/2025\/06\/02_.jpg\" \/><\/div>\n<p>&nbsp;<\/p>\n<div style=\"text-align: start;\">\n<h2>\u0412\u0456\u0434\u0435\u043e 6K Ultra HD<\/h2>\n<p>\u0423\u043b\u044c\u0442\u0440\u0430\u0432\u0438\u0441\u043e\u043a\u0430 \u0440\u043e\u0437\u0434\u0456\u043b\u044c\u043d\u0430 \u0437\u0434\u0430\u0442\u043d\u0456\u0441\u0442\u044c \u043e\u0431\u2019\u0454\u043a\u0442\u0430 6K, \u0432\u0438\u043a\u043e\u043d\u0430\u043d\u0430 \u0437 1-\u043a\u0430\u043b\u043e\u0447\u043d\u043e\u044e \u043c\u0430\u0442\u0440\u0438\u0446\u0435\u044e, \u0437\u0430\u0431\u0435\u0437\u043f\u0435\u0447\u0443\u0454 \u043f\u0440\u043e\u0444\u0435\u0441\u0456\u0439\u043d\u0435 \u043e\u0446\u0456\u043d\u044e\u0432\u0430\u043d\u043d\u044f \u0440\u0435\u0437\u0443\u043b\u044c\u0442\u0430\u0442\u0456\u0432 \u0444\u0456\u043b\u044c\u043c\u0443\u0432\u0430\u043d\u043d\u044f.<\/p>\n<h2>Aparat o wysokiej rozdzielczo\u015bci<\/h2>\n<p>1-\u043a\u0430\u043b\u043e\u0432\u0430 CMOS-\u043c\u0430\u0442\u0440\u0438\u0446\u044f \u0437 \u0440\u043e\u0437\u0434\u0456\u043b\u044c\u043d\u043e\u044e \u0437\u0434\u0430\u0442\u043d\u0456\u0441\u0442\u044e 20 \u041c\u041f \u0456 \u0434\u0456\u0430\u0444\u0440\u0430\u0433\u043c\u043e\u044e f\/2,8\u2013f11 \u0437\u0430\u043f\u043e\u0432\u043d\u044e\u0454 wszechstronno\u015b\u0107 niezb\u0119dn\u0105 do robienia \u043d\u0430\u0439\u043a\u0440\u0430\u0449\u043e\u0433\u043e \u0437\u043e\u0431\u0440\u0430\u0436\u0435\u043d\u043d\u044f \u0432 \u0440\u0456\u0437\u043d\u043e\u043c\u0430\u043d\u0456\u0442\u043d\u0438\u0445 \u0441\u0446\u0435\u043d\u0430\u0440\u0456\u044f\u0445 \u043c\u0456\u0441\u0456\u0457.<\/p>\n<p><img decoding=\"async\" style=\"float: none;\" src=\"https:\/\/crea-tor.com\/wp-content\/uploads\/2025\/06\/z80_.jpg\" alt=\"EVO II PRO RTK\" \/><\/p>\n<h2 class=\"wow fadeInDown animated animated\">\u015awiat\u0142o. Wydajny. Wiarygodny.<\/h2>\n<p><span data-mce-fragment=\"1\">EVO II Pro RTK dziedziczy sk\u0142adan\u0105 konstrukcj\u0119 originalnej serii EVO II, dzi\u0119ki czemu jest kompaktowy, lekki, przeno\u015bny i gotowy do lotu w ci\u0105gu zaledwie kilku sekund. Opr\u00f3cz maksymalnego zasi\u0119gu transmisji 5,5 mili, samolot oferuje czas lotu do 36 minut i mo\u017ce osi\u0105gn\u0105\u0107 pr\u0119dko\u015b\u0107 maksymaln\u0105 do 45 mil na godzin\u0119, co czyni go idealnym towarzyszem lot\u00f3w podczas codziennych misji.<\/span><\/p>\n<p><img decoding=\"async\" style=\"float: none;\" src=\"https:\/\/crea-tor.com\/wp-content\/uploads\/2025\/06\/03_.jpg\" data-mce-fragment=\"1\" \/><\/p>\n<h2 class=\"wow fadeInDown animated animated\">Wykonywanie misji z zaawansowan\u0105 inteligencj\u0105<\/h2>\n<p>EVO II Pro RTK \u043f\u0456\u0434\u0442\u0440\u0438\u043c\u0443\u0454 \u043a\u043e\u0440\u0438\u0441\u0442\u0443\u0432\u0430\u043b\u044c\u043d\u0438\u0446\u044c\u043a\u0443 \u0456\u0433\u0440\u043e\u0432\u0443 \u0456\u043d\u0442\u0435\u043b\u0435\u043a\u0442\u0443\u0430\u043b\u044c\u043d\u0443 \u0444\u0443\u043d\u043a\u0446\u0456\u044e \u0442\u0430 \u0437\u043c\u0456\u043d\u044e\u0454 \u0434\u043e\u0441\u0442\u043e\u0432\u0456\u0440\u043d\u0443 \u0444\u0443\u043d\u043a\u0446\u0456\u044e \u0434\u043e \u0440\u0443\u0447\u043d\u043e\u0457 \u0440\u043e\u0431\u043e\u0442\u0438. Wykorzystuj\u0105c zaawansowan\u0105 kontrol\u0119 lotu i najnowsz\u0105 technologi\u0119 sztucznej inteligencji, samolot mo\u017ce znacznie usprawni\u0107 przebieg misji i pom\u00f3c obni\u017cy\u0107 koszty operacyjne.<\/p>\n<p><img decoding=\"async\" style=\"float: none;\" src=\"https:\/\/crea-tor.com\/wp-content\/uploads\/2025\/06\/05_.jpg\" data-mce-fragment=\"1\" \/><\/p>\n<h2>\u0420\u0422\u041a \/ \u041f\u041f\u041a<\/h2>\n<div class=\"prodt22-ms-bt\" style=\"text-align: start;\">\n<p>\u0421\u0435\u0440\u0456\u044f Evo II RTK \u043e\u0431\u0441\u043b\u0443\u0433\u043e\u0432\u0443\u0454 \u0441\u0442\u0430\u0446\u0456 \u0431\u0430\u0437\u043e\u0432\u043e\u0457 \u0444\u0456\u0440\u043c\u0438 \u0437 \u0444\u0443\u043d\u043a\u0446\u0456\u0454\u044e NTRIP.<\/p>\n<h2>\u041f\u043e\u043a\u0440\u0430\u0449\u0435\u043d\u0430 \u0434\u0438\u043d\u0430\u043c\u0456\u0447\u043d\u0430 \u0434\u043e\u0440\u0456\u0436\u043a\u0430<\/h2>\n<p>EVO II Pro RTK \u043c\u043e\u0436\u0435 \u0432\u0438\u043a\u043e\u0440\u0438\u0441\u0442\u043e\u0432\u0443\u0432\u0430\u0442\u0438 \u043e\u0434\u043d\u043e\u0446\u0456\u043b\u044c\u043d\u0435 \u043c\u043e\u0434\u0435\u043b\u044e\u0432\u0430\u043d\u043d\u044f \u043b\u043e\u043a\u0430\u043b\u0456\u0437\u0430\u0446\u0456\u0457 \u0442\u0430 \u043f\u043e\u043f\u0435\u0440\u0435\u0434\u043d\u044c\u043e\u0457 \u0446\u0456\u043b\u0456, \u0434\u043e\u0434\u0430\u0442\u043a\u043e\u0432\u0435 \u0440\u043e\u0437\u043c\u0456\u0449\u0435\u043d\u043d\u044f \u0442\u0430 \u0442\u0440\u0430\u0454\u043a\u0442\u043e\u0440\u0456\u044e, \u0443\u043d\u0456\u043a\u0430\u043b\u044c\u043d\u0435 \u043f\u0435\u0440\u0435\u043c\u0438\u043a\u0430\u043d\u043d\u044f \u043f\u0456\u0434 \u0447\u0430\u0441 \u043b\u043e\u0442\u0443 \u0439 \u0441\u043b\u0456\u0434\u0443\u0432\u0430\u043d\u043d\u044f \u0454 \u0432 \u0441\u043f\u043e\u0436\u0438\u0432\u0430\u043d\u043d\u0456 \u0446\u0456\u043b\u0438\u0445, \u043e\u0434\u043d\u043e\u0440\u0430\u0437\u043e\u0432\u0435 \u0456\u0434\u0435\u043d\u0442\u0438\u0444\u0456\u043a\u0443\u0432\u0430\u043d\u043d\u044f \u0434\u043e 64 \u043e\u0431\u2019\u0454\u043a\u0442\u0456\u0432. Funkcja mo\u017ce \u015bledzi\u0107 obiekt w trzech trybach: z ty\u0142u, obok siebie lub w ustalonej pozycji.<\/p>\n<h2>\u0423\u043d\u0456\u043a\u0430\u043b\u044c\u043d\u0456\u0441\u0442\u044c \u043f\u0435\u0440\u0435\u0434\u043d\u044c\u043e\u0433\u043e \u043a\u043e\u0434\u0443 360\u00b0<\/h2>\n<p>Przedni, tylny, lewy, prawy, g\u00f3rny i dolny dvookularowy wizyjny EVO 2 Pro Drone system wizyjny EVO 2 Pro Drone \u0432\u0438\u043a\u043e\u0440\u0438\u0441\u0442\u043e\u0432\u0443\u0454\u0442\u044c\u0441\u044f \u0432 \u0434\u0430\u043d\u043e\u043c\u0443 \u043e\u0431\u0440\u0430\u0437\u0456 \u0434\u043b\u044f \u043e\u0431\u043b\u0438\u0446\u044e\u0432\u0430\u043d\u043d\u044f \u0432\u0456\u0434\u043b\u0435\u0433\u043b\u0438\u0445 \u043c\u0456\u0436 \u0434\u0440\u043e\u043d\u0430\u043c\u0438 \u0442\u0430 \u043f\u043e\u0442\u0443\u0436\u043d\u0438\u043c\u0438 \u0440\u0443\u0447\u043a\u0430\u043c\u0438. Rozpocznij wykrywanie potencjalnych zagro\u017ce\u0144 w odleg\u0142o\u015bci do 30 mi pozw\u00f3l EVO II dok\u0142adnie kontrolowa\u0107 pr\u0119dko\u015b\u0107 drona, aby unikn\u0105\u0107 kolizji.<\/p>\n<p><img decoding=\"async\" style=\"float: none;\" src=\"https:\/\/crea-tor.com\/wp-content\/uploads\/2025\/06\/06_.jpg\" data-mce-fragment=\"1\" \/><\/p>\n<h2>Precyzyjna stacja bazowa GNSS RTK<\/h2>\n<p>Seria EVO II RTK obs\u0142uguje wysoce precyzyjn\u0105 stacj\u0119 bazow\u0105 GNSS RTK w celu uzyskania danych r\u00f3\u017cnicowych w czasie rzeczywistym, co umo\u017cliwia uzyskanie do\u0142adnych wsp\u00f3\u0142rz\u0119dnych wyznaczonego punktu docelowego.<\/p>\n<h2>\u041f\u043e\u043b\u0435 \u0437\u0430\u0441\u0442\u043e\u0441\u0443\u0432\u0430\u043d\u043d\u044f<\/h2>\n<\/div>\n<\/div>\n<div style=\"text-align: start;\"><img decoding=\"async\" style=\"float: none;\" src=\"https:\/\/crea-tor.com\/wp-content\/uploads\/2025\/06\/04_.jpg\" data-mce-fragment=\"1\" \/><\/div>\n<\/li>\n<\/ul>","protected":false},"excerpt":{"rendered":"<li class=\"active grouped-content-trigger\" role=\"tab\" aria-controls=\"grouped-content-31231403-e83b-42d8-9d6d-4637c6386dc9-0-content\" aria-selected=\"true\" tabindex=\"0\"><span tabindex=\"-1\">\u041f\u0435\u0440\u0435\u0433\u043b\u043e\u043d<\/span><\/li>\n<li class=\"grouped-content-trigger\" role=\"tab\" aria-controls=\"grouped-content-31231403-e83b-42d8-9d6d-4637c6386dc9-1-content\" tabindex=\"-1\"><span tabindex=\"-1\">DANE TECHNICZNE<\/span><\/li>\n<li class=\"grouped-content-trigger\" role=\"tab\" aria-controls=\"grouped-content-31231403-e83b-42d8-9d6d-4637c6386dc9-2-content\" tabindex=\"-1\"><span tabindex=\"-1\">\u0410\u043a\u0441\u0435\u0441\u043e\u0440\u0456\u044f<\/span><\/li>\n<li class=\"grouped-content-trigger\" role=\"tab\" aria-controls=\"grouped-content-31231403-e83b-42d8-9d6d-4637c6386dc9-3-content\" tabindex=\"-1\"><span tabindex=\"-1\">\u0412\u0456\u0434\u0435\u043e<\/span><\/li>","protected":false},"featured_media":13958,"template":"","meta":[],"product_brand":[382],"product_cat":[381],"product_tag":[22],"class_list":{"0":"post-14282","1":"product","2":"type-product","3":"status-publish","4":"has-post-thumbnail","6":"product_brand-autel-evo","7":"product_cat-autel-evo","8":"product_tag-drone","10":"first","11":"instock","12":"shipping-taxable","13":"product-type-simple"},"_links":{"self":[{"href":"https:\/\/crea-tor.com\/uk\/wp-json\/wp\/v2\/product\/14282","targetHints":{"allow":["GET"]}}],"collection":[{"href":"https:\/\/crea-tor.com\/uk\/wp-json\/wp\/v2\/product"}],"about":[{"href":"https:\/\/crea-tor.com\/uk\/wp-json\/wp\/v2\/types\/product"}],"wp:featuredmedia":[{"embeddable":true,"href":"https:\/\/crea-tor.com\/uk\/wp-json\/wp\/v2\/media\/13958"}],"wp:attachment":[{"href":"https:\/\/crea-tor.com\/uk\/wp-json\/wp\/v2\/media?parent=14282"}],"wp:term":[{"taxonomy":"product_brand","embeddable":true,"href":"https:\/\/crea-tor.com\/uk\/wp-json\/wp\/v2\/product_brand?post=14282"},{"taxonomy":"product_cat","embeddable":true,"href":"https:\/\/crea-tor.com\/uk\/wp-json\/wp\/v2\/product_cat?post=14282"},{"taxonomy":"product_tag","embeddable":true,"href":"https:\/\/crea-tor.com\/uk\/wp-json\/wp\/v2\/product_tag?post=14282"}],"curies":[{"name":"wp","href":"https:\/\/api.w.org\/{rel}","templated":true}]}}