{"id":14283,"date":"2025-06-08T20:38:32","date_gmt":"2025-06-08T20:38:32","guid":{"rendered":"https:\/\/crea-tor.com\/?post_type=product&#038;p=14283"},"modified":"2025-06-08T20:38:32","modified_gmt":"2025-06-08T20:38:32","slug":"dron-autel-evo-ii-pro-enterprise-6k","status":"publish","type":"product","link":"https:\/\/crea-tor.com\/uk\/product\/dron-autel-evo-ii-pro-enterprise-6k\/","title":{"rendered":"Dron Autel EVO II Pro Enterprise 6K"},"content":{"rendered":"<h2 style=\"text-align: start;\">Pracuj jak nigdy dot\u0105d<\/h2>\n<div class=\"prodt59-ms\" style=\"text-align: start;\">\n<p class=\"wow fadeInDown animated animated\">Zoptymalizuj sw\u00f3j przep\u0142yw pracy za pomoc\u0105 drona Autel EVO II Pro Enterprise, wzbogaconego o nowe akcesoria i funkcje aparatu, aby sprosta\u0107 wymaganiom profesjonalist\u00f3w z ka\u017cdej bran\u017cy, od stra\u017cy po\u017carnej po budownictwo. Dzi\u0119ki sk\u0142adanej konstrukcji, kt\u00f3r\u0105 mo\u017cna roz\u0142o\u017cy\u0107 w kilka sekund i \u0142atwym w obs\u0142udze elementom steruj\u0105cym, kt\u00f3re mo\u017cna obs\u0142ugiwa\u0107 jedn\u0105 r\u0119k\u0105, EVO II Pro Enterprise zapewnia niezawodny spos\u00f3b na zwi\u0119kszenie wydajno\u015bci bez zwi\u0119kszania stresu.<\/p>\n<p><img decoding=\"async\" style=\"float: none;\" src=\"https:\/\/crea-tor.com\/wp-content\/uploads\/2025\/06\/6_a0b1f769-9ac5-42a2-a3da-f29a55579b4a_.jpg\" data-mce-fragment=\"1\" \/><\/p>\n<h2 class=\"wow fadeInDown animated animated\">Obrazowanie w wysokiej rozdzielczo\u015bci<\/h2>\n<p>EVO II Pro Enterprise jest wyposa\u017cony w 20-megapikselow\u0105 matryc\u0119 CMOS, 3-krotny optyczny 16-krotny zoom cyfrowy i regulowany zakres przys\u0142ony od f2,8 do f11, co zapewnia zupe\u0142nie nowe wra\u017cenia podczas fotografowania.<\/p>\n<p><img decoding=\"async\" style=\"float: none;\" src=\"https:\/\/crea-tor.com\/wp-content\/uploads\/2025\/06\/2_.jpg\" \/><\/p>\n<h2 class=\"wow fadeInDown animated animated\">Wszechstronno\u015b\u0107 misji<\/h2>\n<p>Maj\u0105c do dyspozycji rozszerzony wyb\u00f3r akcesori\u00f3w, EVO II Pro Enterprise mo\u017ce ewoluowa\u0107 od prostego narz\u0119dzia do obrazowania do wielofunkcyjnej platformy lotniczej, kt\u00f3ra mo\u017ce dostosowa\u0107 si\u0119 do r\u00f3\u017cnych scenariuszy.<\/p>\n<p><img decoding=\"async\" style=\"float: none;\" src=\"https:\/\/crea-tor.com\/wp-content\/uploads\/2025\/06\/8_.jpg\" \/><\/p>\n<h2 class=\"wow fadeInDown animated animated\">Odbiornik ADS-B<\/h2>\n<p>Wykrywa obecno\u015b\u0107 za\u0142ogowego statku powietrznego w pobli\u017cu emituj\u0105cego sygna\u0142 ADS-B, daj\u0105c operatorowi wystarczaj\u0105co du\u017co czasu na podj\u0119cie dzia\u0142a\u0144 omijaj\u0105cych w celu unikni\u0119cia kolizji w powietrzu.<\/p>\n<p><img decoding=\"async\" style=\"float: none;\" src=\"https:\/\/crea-tor.com\/wp-content\/uploads\/2025\/06\/5_43504ca0-12a0-4a89-a64d-d480cb323700_.jpg\" data-mce-fragment=\"1\" \/><\/p>\n<h2 class=\"wow fadeInDown animated animated\">\u00a0\u0423\u043d\u0456\u043a\u0430\u043b\u044c\u043d\u0456\u0441\u0442\u044c \u043f\u0435\u0440\u0435\u0434\u043d\u044c\u043e\u0433\u043e \u043a\u043e\u0434\u0443 360\u00b0<\/h2>\n<p>Dzi\u0119ki wielokierunkowemu unikaniu przeszk\u00f3d, EVO II Pro mo\u017ce z \u0142atwo\u015bci\u0105 manewrowa\u0107 wok\u00f3\u0142 przeszk\u00f3d, planowa\u0107 \u015bcie\u017cki w z\u0142o\u017conym terenie lub budowa\u0107 tr\u00f3jwymiarowe mapy przy u\u017cyciu 19 zestaw\u00f3w czujnik\u00f3w pokrywaj\u0105cych p\u0142atowiec.<\/p>\n<p><img decoding=\"async\" style=\"float: none;\" src=\"https:\/\/crea-tor.com\/wp-content\/uploads\/2025\/06\/7_b59a264d-6412-4f0a-9447-b0bf34a1457d_.jpg\" data-mce-fragment=\"1\" \/><\/p>\n<h2>Predykcyjne \u015bledzenie celu<\/h2>\n<p><span data-mce-fragment=\"1\">Namierz obiekt poruszaj\u0105cy si\u0119 z du\u017c\u0105 pr\u0119dko\u015bci\u0105 i z \u0142atwo\u015bci\u0105 przewiduj jego trajektori\u0119 lub u\u017cyj oka na niebie, aby zidentyfikowa\u0107 do 64 obiekt\u00f3w jednocze\u015bnie.<\/span><\/p>\n<p><img decoding=\"async\" style=\"float: none;\" src=\"https:\/\/crea-tor.com\/wp-content\/uploads\/2025\/06\/dynamic_track_.png\" data-mce-fragment=\"1\" \/><\/p>\n<h2 class=\"wow fadeInDown animated animated\">Doskona\u0142a wydajno\u015b\u0107 lotu<\/h2>\n<p><span data-mce-fragment=\"1\">Wydajno\u015b\u0107 lotu EVO II Pro Enterprise zosta\u0142a w pe\u0142ni zoptymalizowana dzi\u0119ki nowemu systemowi zasilania i konstrukcji z w\u0142\u00f3kna w\u0119glowego. Wyposa\u017cony w wiod\u0105cy w bran\u017cy dwucz\u0119stotliwo\u015bciowy system transmisji obrazu, urz\u0105dzenie zapewnia r\u00f3wnie\u017c silniejsze w\u0142a\u015bciwo\u015bci przeciwzak\u0142\u00f3ceniowe i stabiln\u0105 transmisj\u0119 obraz\u00f3w w wysokiej rozdzielczo\u015bci do 1080p.<\/span><\/p>\n<p><img decoding=\"async\" style=\"float: none;\" src=\"https:\/\/crea-tor.com\/wp-content\/uploads\/2025\/06\/3_7915b6a3-89b8-4555-b3cc-a65414d501ed_.jpg\" data-mce-fragment=\"1\" \/><\/p>\n<h2>36 minut i 5,5 mili transmisji HD<\/h2>\n<p>Autel EVO 2 Pro jest standardowo wyposa\u017cony w akumulator o pojemno\u015bci 7100 mAh. Zapewnia do 36 minut czasu lotu w ruchu do przodu do 9 km (5,5 mili) i 35 minut w zawisie.<\/p>\n<p><img decoding=\"async\" style=\"float: none;\" src=\"https:\/\/crea-tor.com\/wp-content\/uploads\/2025\/06\/4_6357177f-2bb9-4947-aef4-1d09bac736c2_.jpg\" data-mce-fragment=\"1\" \/><\/p>\n<\/div>\n<h3>Lista pakowania EVO II Pro Enterprise<\/h3>\n<div style=\"text-align: start;\" data-mce-fragment=\"1\"><img decoding=\"async\" style=\"float: none;\" src=\"https:\/\/crea-tor.com\/wp-content\/uploads\/2025\/06\/packing_list_f568b46a-1093-4014-b22b-e5cf665391b7_.png\" \/><\/div>\n<div style=\"text-align: start;\" data-mce-fragment=\"1\"><img decoding=\"async\" style=\"float: none;\" src=\"https:\/\/crea-tor.com\/wp-content\/uploads\/2025\/06\/bundle_.png\" alt=\"\" data-mce-fragment=\"1\" \/><\/div>","protected":false},"excerpt":{"rendered":"<li class=\"active grouped-content-trigger\" role=\"tab\" aria-controls=\"grouped-content-25ba3869-e712-435c-8905-20029164a822-0-content\" aria-selected=\"true\" tabindex=\"0\"><span tabindex=\"-1\">\u041f\u0435\u0440\u0435\u0433\u043b\u043e\u043d<\/span><\/li>\n<li class=\"grouped-content-trigger\" role=\"tab\" aria-controls=\"grouped-content-25ba3869-e712-435c-8905-20029164a822-1-content\" tabindex=\"-1\"><span tabindex=\"-1\">DANE TECHNICZNE<\/span><\/li>\n<li class=\"grouped-content-trigger\" role=\"tab\" aria-controls=\"grouped-content-25ba3869-e712-435c-8905-20029164a822-2-content\" tabindex=\"-1\"><span tabindex=\"-1\">\u0410\u043a\u0441\u0435\u0441\u043e\u0440\u0456\u044f<\/span><\/li>\n<li class=\"grouped-content-trigger\" role=\"tab\" aria-controls=\"grouped-content-25ba3869-e712-435c-8905-20029164a822-3-content\" tabindex=\"-1\"><span tabindex=\"-1\">\u0412\u0456\u0434\u0435\u043e<\/span><\/li>","protected":false},"featured_media":14064,"template":"","meta":[],"product_brand":[382],"product_cat":[381],"product_tag":[22],"class_list":{"0":"post-14283","1":"product","2":"type-product","3":"status-publish","4":"has-post-thumbnail","6":"product_brand-autel-evo","7":"product_cat-autel-evo","8":"product_tag-drone","10":"first","11":"instock","12":"shipping-taxable","13":"product-type-simple"},"_links":{"self":[{"href":"https:\/\/crea-tor.com\/uk\/wp-json\/wp\/v2\/product\/14283","targetHints":{"allow":["GET"]}}],"collection":[{"href":"https:\/\/crea-tor.com\/uk\/wp-json\/wp\/v2\/product"}],"about":[{"href":"https:\/\/crea-tor.com\/uk\/wp-json\/wp\/v2\/types\/product"}],"wp:featuredmedia":[{"embeddable":true,"href":"https:\/\/crea-tor.com\/uk\/wp-json\/wp\/v2\/media\/14064"}],"wp:attachment":[{"href":"https:\/\/crea-tor.com\/uk\/wp-json\/wp\/v2\/media?parent=14283"}],"wp:term":[{"taxonomy":"product_brand","embeddable":true,"href":"https:\/\/crea-tor.com\/uk\/wp-json\/wp\/v2\/product_brand?post=14283"},{"taxonomy":"product_cat","embeddable":true,"href":"https:\/\/crea-tor.com\/uk\/wp-json\/wp\/v2\/product_cat?post=14283"},{"taxonomy":"product_tag","embeddable":true,"href":"https:\/\/crea-tor.com\/uk\/wp-json\/wp\/v2\/product_tag?post=14283"}],"curies":[{"name":"wp","href":"https:\/\/api.w.org\/{rel}","templated":true}]}}