{"id":3231,"date":"2025-06-02T07:20:43","date_gmt":"2025-06-02T07:20:43","guid":{"rendered":"http:\/\/localhost:3000\/product\/dji-mavic-3-enterprise-propellerid\/"},"modified":"2025-06-02T07:21:06","modified_gmt":"2025-06-02T07:21:06","slug":"dji-mavic-3-enterprise-propellerid","status":"publish","type":"product","link":"https:\/\/crea-tor.com\/uk\/product\/dji-mavic-3-enterprise-propellerid\/","title":{"rendered":"DJI Mavic 3 Enterprise Propellerid"},"content":{"rendered":"<div data-elementor-type=\"wp-post\" data-elementor-id=\"31123\" class=\"elementor elementor-31123 elementor-31121\" data-elementor-post-type=\"product\">\n<section class=\"xts-negative-gap elementor-section elementor-top-section elementor-element elementor-element-50700e3 elementor-section-boxed elementor-section-height-default elementor-section-height-default xts-section-disabled\" data-id=\"50700e3\" data-element_type=\"section\">\n<div class=\"elementor-container elementor-column-gap-default\">\n<div class=\"elementor-column elementor-col-100 elementor-top-column elementor-element elementor-element-92284da\" data-id=\"92284da\" data-element_type=\"column\">\n<div class=\"elementor-widget-wrap elementor-element-populated\">\n<div class=\"elementor-element elementor-element-10feada elementor-widget elementor-widget-xts_title\" data-id=\"10feada\" data-element_type=\"widget\" data-widget_type=\"xts_title.default\">\n<div class=\"elementor-widget-container\">\n<div class=\"xts-section-heading xts-reset-mb-10 xts-reset-last xts-textalign-center\" data-animation-delay=\"\">\n<h3 class=\"xts-section-title title xts-design-default xts-fontsize-l\">\n\t\t\t\t\t\t<span class=\"xts-section-title-text\" data-elementor-setting-key=\"title\"><br \/>\n\t\t\t\t\t\t\tDJI Mavic 3 Enterprise Propellerid\t\t\t\t\t\t<\/span><\/p>\n<\/h3>\n<div class=\"xts-section-desc\">\n<div class=\"xts-section-desc-text xts-reset-all-last\" data-elementor-setting-key=\"description\">\n<p>DJI Mavic 3 Enterprise seeria drooni propelleri komplekt. K\u00f5ik propellerid l\u00e4bivad d\u00fcnaamilise tasakaalustamise katse, et suurendada vastupidavust ja aerod\u00fcnaamilist efektiivsust m\u00fcra ja energiatarbimise v\u00e4hendamisel<\/p>\n<\/p><\/div>\n<\/p><\/div>\n<\/p><\/div>\n<\/p><\/div>\n<\/p><\/div>\n<\/p><\/div>\n<\/p><\/div>\n<\/p><\/div>\n<\/section><\/div>","protected":false},"excerpt":{"rendered":"<p>DJI Mavic 3 Enterprise seeria drooni propelleri komplekt.<\/p>","protected":false},"featured_media":953,"template":"","meta":[],"product_brand":[16],"product_cat":[85,84,83],"product_tag":[20,108,23],"class_list":{"0":"post-3231","1":"product","2":"type-product","3":"status-publish","4":"has-post-thumbnail","6":"product_brand-dji","7":"product_cat-accessories-for-mavic-3-enterprise","8":"product_cat-dji-mavic-3-enterprise","9":"product_cat-enterprise-drones","10":"product_tag-dji","11":"product_tag-enterprise","12":"product_tag-mavic-3","14":"first","15":"instock","16":"product-type-simple"},"_links":{"self":[{"href":"https:\/\/crea-tor.com\/uk\/wp-json\/wp\/v2\/product\/3231","targetHints":{"allow":["GET"]}}],"collection":[{"href":"https:\/\/crea-tor.com\/uk\/wp-json\/wp\/v2\/product"}],"about":[{"href":"https:\/\/crea-tor.com\/uk\/wp-json\/wp\/v2\/types\/product"}],"wp:featuredmedia":[{"embeddable":true,"href":"https:\/\/crea-tor.com\/uk\/wp-json\/wp\/v2\/media\/953"}],"wp:attachment":[{"href":"https:\/\/crea-tor.com\/uk\/wp-json\/wp\/v2\/media?parent=3231"}],"wp:term":[{"taxonomy":"product_brand","embeddable":true,"href":"https:\/\/crea-tor.com\/uk\/wp-json\/wp\/v2\/product_brand?post=3231"},{"taxonomy":"product_cat","embeddable":true,"href":"https:\/\/crea-tor.com\/uk\/wp-json\/wp\/v2\/product_cat?post=3231"},{"taxonomy":"product_tag","embeddable":true,"href":"https:\/\/crea-tor.com\/uk\/wp-json\/wp\/v2\/product_tag?post=3231"}],"curies":[{"name":"wp","href":"https:\/\/api.w.org\/{rel}","templated":true}]}}