{"id":3282,"date":"2025-06-02T07:22:11","date_gmt":"2025-06-02T07:22:11","guid":{"rendered":"http:\/\/localhost:3000\/product\/droon-iflight-chimera7-pro-v2-analog-fpv\/"},"modified":"2025-06-02T07:22:25","modified_gmt":"2025-06-02T07:22:25","slug":"droon-iflight-chimera7-pro-v2-analog-fpv","status":"publish","type":"product","link":"https:\/\/crea-tor.com\/uk\/product\/droon-iflight-chimera7-pro-v2-analog-fpv\/","title":{"rendered":"\u0410\u043d\u0430\u043b\u043e\u0433\u043e\u0432\u0438\u0439 FPV-\u043a\u0432\u0430\u0434\u0440\u043e\u043a\u043e\u043f\u0442\u0435\u0440 Droon iFlight Chimera7 Pro V2"},"content":{"rendered":"<div data-elementor-type=\"wp-post\" data-elementor-id=\"35839\" class=\"elementor elementor-35839 elementor-35836\" data-elementor-post-type=\"product\">\n<section class=\"xts-negative-gap elementor-section elementor-top-section elementor-element elementor-element-c6a51af elementor-section-boxed elementor-section-height-default elementor-section-height-default xts-section-disabled\" data-id=\"c6a51af\" data-element_type=\"section\">\n<div class=\"elementor-container elementor-column-gap-default\">\n<div class=\"elementor-column elementor-col-100 elementor-top-column elementor-element elementor-element-d3eb866\" data-id=\"d3eb866\" data-element_type=\"column\">\n<div class=\"elementor-widget-wrap elementor-element-populated\">\n<div class=\"elementor-element elementor-element-e167085 elementor-widget elementor-widget-heading\" data-id=\"e167085\" data-element_type=\"widget\" data-widget_type=\"heading.default\">\n<div class=\"elementor-widget-container\">\n<style>\/*! elementor - v3.20.0 - 20-03-2024 *\/\n.elementor-heading-title{padding:0;margin:0;line-height:1}.elementor-widget-heading .elementor-heading-title[class*=elementor-size-]>a{color:inherit;font-size:inherit;line-height:inherit}.elementor-widget-heading .elementor-heading-title.elementor-size-small{font-size:15px}.elementor-widget-heading .elementor-heading-title.elementor-size-medium{font-size:19px}.elementor-widget-heading .elementor-heading-title.elementor-size-large{font-size:29px}.elementor-widget-heading .elementor-heading-title.elementor-size-xl{font-size:39px}.elementor-widget-heading .elementor-heading-title.elementor-size-xxl{font-size:59px}<\/style>\n<h2 class=\"elementor-heading-title elementor-size-default\">\u0410\u043d\u0430\u043b\u043e\u0433\u043e\u0432\u0438\u0439 FPV-\u043a\u0432\u0430\u0434\u0440\u043e\u043a\u043e\u043f\u0442\u0435\u0440 Droon iFlight Chimera7 Pro V2<\/h2>\n<\/p><\/div>\n<\/p><\/div>\n<\/p><\/div>\n<\/p><\/div>\n<\/p><\/div>\n<\/section>\n<section class=\"xts-negative-gap elementor-section elementor-top-section elementor-element elementor-element-287288f elementor-section-boxed elementor-section-height-default elementor-section-height-default xts-section-disabled\" data-id=\"287288f\" data-element_type=\"section\">\n<div class=\"elementor-container elementor-column-gap-default\">\n<div class=\"elementor-column elementor-col-100 elementor-top-column elementor-element elementor-element-784eab0\" data-id=\"784eab0\" data-element_type=\"column\">\n<div class=\"elementor-widget-wrap elementor-element-populated\">\n<div class=\"elementor-element elementor-element-4a9b5a3 elementor-widget elementor-widget-xts_title\" data-id=\"4a9b5a3\" data-element_type=\"widget\" data-widget_type=\"xts_title.default\">\n<div class=\"elementor-widget-container\">\n<div class=\"xts-section-heading xts-reset-mb-10 xts-reset-last xts-textalign-left\" data-animation-delay=\"\">\n<div class=\"xts-section-desc\">\n<div class=\"xts-section-desc-text xts-reset-all-last\" data-elementor-setting-key=\"description\">\n<p>Droon iFlight Chimera7 Pro V2 Analog FPV &#8211; \u00dclit\u00f5hus iFlighti 7,5-tolline pikamaa droon. Uuendatud j\u00e4ik raam tagab minimaalse resonantsi, samas kui XING2 2809 mootorid pakuvad maksimaalset juhtimist 7,5-tolliste propelleritega.<\/p>\n<\/p><\/div>\n<\/p><\/div>\n<\/p><\/div>\n<\/p><\/div>\n<\/p><\/div>\n<\/p><\/div>\n<\/p><\/div>\n<\/p><\/div>\n<\/section>\n<section class=\"xts-negative-gap elementor-section elementor-top-section elementor-element elementor-element-5feeaf2 elementor-section-boxed elementor-section-height-default elementor-section-height-default xts-section-disabled\" data-id=\"5feeaf2\" data-element_type=\"section\">\n<div class=\"elementor-container elementor-column-gap-default\">\n<div class=\"elementor-column elementor-col-100 elementor-top-column elementor-element elementor-element-6276f3c\" data-id=\"6276f3c\" data-element_type=\"column\">\n<div class=\"elementor-widget-wrap elementor-element-populated\">\n<div class=\"elementor-element elementor-element-1b2b5e4 elementor-widget elementor-widget-xts_title\" data-id=\"1b2b5e4\" data-element_type=\"widget\" data-widget_type=\"xts_title.default\">\n<div class=\"elementor-widget-container\">\n<div class=\"xts-section-heading xts-reset-mb-10 xts-reset-last xts-textalign-left\" data-animation-delay=\"\">\n<div class=\"xts-section-desc\">\n<div class=\"xts-section-desc-text xts-reset-all-last\" data-elementor-setting-key=\"description\">\n<p>Suuremaid patareisid saab paigaldada \u00fclaosale ja veelgi rohkem p\u00f5hjale. Rahulikuk tempos lennuks on soovitatav kasutada 6S 3300 mAh v\u00f5i 5S 3000 mAh akut.<\/p>\n<\/p><\/div>\n<\/p><\/div>\n<\/p><\/div>\n<\/p><\/div>\n<\/p><\/div>\n<\/p><\/div>\n<\/p><\/div>\n<\/p><\/div>\n<\/section>\n<section class=\"xts-negative-gap elementor-section elementor-top-section elementor-element elementor-element-56fc0a0 elementor-section-boxed elementor-section-height-default elementor-section-height-default xts-section-disabled\" data-id=\"56fc0a0\" data-element_type=\"section\">\n<div class=\"elementor-container elementor-column-gap-default\">\n<div class=\"elementor-column elementor-col-100 elementor-top-column elementor-element elementor-element-df0ec7d\" data-id=\"df0ec7d\" data-element_type=\"column\">\n<div class=\"elementor-widget-wrap elementor-element-populated\">\n<div class=\"elementor-element elementor-element-be0e066 elementor-widget elementor-widget-xts_title\" data-id=\"be0e066\" data-element_type=\"widget\" data-widget_type=\"xts_title.default\">\n<div class=\"elementor-widget-container\">\n<div class=\"xts-section-heading xts-reset-mb-10 xts-reset-last xts-textalign-left\" data-animation-delay=\"\">\n<div class=\"xts-section-desc\">\n<div class=\"xts-section-desc-text xts-reset-all-last\" data-elementor-setting-key=\"description\">\n<p>Uuendatud XING-mootoritel on tugev 7075 alumiiniumist l\u00f6\u00f6gikindel kuppeltehnoloogia, tugev titaanisulamist v\u00f5ll koos tugevdatud kuppel\u00fchendusega, kvaliteetsed ja kauakestvad NSK Jaapani laagrid ning N52H kumerad kaarmagnetid koos keskpiludega.<\/p>\n<\/p><\/div>\n<\/p><\/div>\n<\/p><\/div>\n<\/p><\/div>\n<\/p><\/div>\n<\/p><\/div>\n<\/p><\/div>\n<\/p><\/div>\n<\/section>\n<section class=\"xts-negative-gap elementor-section elementor-top-section elementor-element elementor-element-f2f5361 elementor-section-boxed elementor-section-height-default elementor-section-height-default xts-section-disabled\" data-id=\"f2f5361\" data-element_type=\"section\">\n<div class=\"elementor-container elementor-column-gap-default\">\n<div class=\"elementor-column elementor-col-100 elementor-top-column elementor-element elementor-element-e2d79c9\" data-id=\"e2d79c9\" data-element_type=\"column\">\n<div class=\"elementor-widget-wrap elementor-element-populated\">\n<div class=\"elementor-element elementor-element-10e7040 elementor-widget elementor-widget-xts_title\" data-id=\"10e7040\" data-element_type=\"widget\" data-widget_type=\"xts_title.default\">\n<div class=\"elementor-widget-container\">\n<div class=\"xts-section-heading xts-reset-mb-10 xts-reset-last xts-textalign-left\" data-animation-delay=\"\">\n<div class=\"xts-section-desc\">\n<div class=\"xts-section-desc-text xts-reset-all-last\" data-elementor-setting-key=\"description\">\n<p>Kaasaegne raam v\u00e4hendab saastet, mis v\u00f5ib teie lennuregulaatorile v\u00f5i kiirusregulaatorile koguneda, v\u00e4ltides t\u00f5rkeid ja l\u00fchiseid. \u00d5huvool on m\u00f5eldud komponentide jahutamiseks. Sellel on valgustatud k\u00fclgpaneelid ja TPU kaitseosad igas suunas.<\/p>\n<\/p><\/div>\n<\/p><\/div>\n<\/p><\/div>\n<\/p><\/div>\n<\/p><\/div>\n<\/p><\/div>\n<\/p><\/div>\n<\/p><\/div>\n<\/section>\n<section class=\"xts-negative-gap elementor-section elementor-top-section elementor-element elementor-element-88c3935 elementor-section-boxed elementor-section-height-default elementor-section-height-default xts-section-disabled\" data-id=\"88c3935\" data-element_type=\"section\">\n<div class=\"elementor-container elementor-column-gap-default\">\n<div class=\"elementor-column elementor-col-100 elementor-top-column elementor-element elementor-element-801c61f\" data-id=\"801c61f\" data-element_type=\"column\">\n<div class=\"elementor-widget-wrap elementor-element-populated\">\n<div class=\"elementor-element elementor-element-ffc125e elementor-widget elementor-widget-xts_title\" data-id=\"ffc125e\" data-element_type=\"widget\" data-widget_type=\"xts_title.default\">\n<div class=\"elementor-widget-container\">\n<div class=\"xts-section-heading xts-reset-mb-10 xts-reset-last xts-textalign-left\" data-animation-delay=\"\">\n<div class=\"xts-section-desc\">\n<div class=\"xts-section-desc-text xts-reset-all-last\" data-elementor-setting-key=\"description\">\n<p>XT60 pistikute eluea pikendamiseks ja kiire voolutugevuse v\u00f5i voolutugevuse v\u00e4ltimiseks on lisatud kaitseahel, mis kaitseb teie elektroonikat kahjustuste eest toite\u00fchenduste ajal.<\/p>\n<\/p><\/div>\n<\/p><\/div>\n<\/p><\/div>\n<\/p><\/div>\n<\/p><\/div>\n<\/p><\/div>\n<\/p><\/div>\n<\/p><\/div>\n<\/section>\n<section class=\"xts-negative-gap elementor-section elementor-top-section elementor-element elementor-element-b1b1025 elementor-section-boxed elementor-section-height-default elementor-section-height-default xts-section-disabled\" data-id=\"b1b1025\" data-element_type=\"section\">\n<div class=\"elementor-container elementor-column-gap-default\">\n<div class=\"elementor-column elementor-col-100 elementor-top-column elementor-element elementor-element-a013a57\" data-id=\"a013a57\" data-element_type=\"column\">\n<div class=\"elementor-widget-wrap elementor-element-populated\">\n<div class=\"elementor-element elementor-element-345c424 elementor-widget elementor-widget-xts_title\" data-id=\"345c424\" data-element_type=\"widget\" data-widget_type=\"xts_title.default\">\n<div class=\"elementor-widget-container\">\n<div class=\"xts-section-heading xts-reset-mb-10 xts-reset-last xts-textalign-left\" data-animation-delay=\"\">\n<div class=\"xts-section-desc\">\n<div class=\"xts-section-desc-text xts-reset-all-last\" data-elementor-setting-key=\"description\">\n<p>See on varustatud GPS-mooduliga. Betaflight GPS-i p\u00e4\u00e4stere\u017eiim on konfigureerimiseks valmis (ootamatu k\u00e4itumise v\u00e4ltimiseks vaikimisi v\u00e4lja l\u00fclitatud).<\/p>\n<\/p><\/div>\n<\/p><\/div>\n<\/p><\/div>\n<\/p><\/div>\n<\/p><\/div>\n<\/p><\/div>\n<\/p><\/div>\n<\/p><\/div>\n<\/section><\/div>","protected":false},"excerpt":{"rendered":"<p>Standardsed FPV droonid ei sisalda kaugjuhtimispulti, videokiivrit, akusid ega laadijat.<\/p>","protected":false},"featured_media":1336,"template":"","meta":[],"product_brand":[187],"product_cat":[184],"product_tag":[188,189,190,20,22,191,192,193,194,195,196],"class_list":{"0":"post-3282","1":"product","2":"type-product","3":"status-publish","4":"has-post-thumbnail","6":"product_brand-iflight","7":"product_cat-fpv-drones","8":"product_tag-analog","9":"product_tag-bnf","10":"product_tag-chimera7","11":"product_tag-dji","12":"product_tag-drone","13":"product_tag-elrs","14":"product_tag-hd","15":"product_tag-iflight","16":"product_tag-pnp","17":"product_tag-tbs","18":"product_tag-v2","20":"first","21":"instock","22":"purchasable","23":"product-type-simple"},"_links":{"self":[{"href":"https:\/\/crea-tor.com\/uk\/wp-json\/wp\/v2\/product\/3282","targetHints":{"allow":["GET"]}}],"collection":[{"href":"https:\/\/crea-tor.com\/uk\/wp-json\/wp\/v2\/product"}],"about":[{"href":"https:\/\/crea-tor.com\/uk\/wp-json\/wp\/v2\/types\/product"}],"wp:featuredmedia":[{"embeddable":true,"href":"https:\/\/crea-tor.com\/uk\/wp-json\/wp\/v2\/media\/1336"}],"wp:attachment":[{"href":"https:\/\/crea-tor.com\/uk\/wp-json\/wp\/v2\/media?parent=3282"}],"wp:term":[{"taxonomy":"product_brand","embeddable":true,"href":"https:\/\/crea-tor.com\/uk\/wp-json\/wp\/v2\/product_brand?post=3282"},{"taxonomy":"product_cat","embeddable":true,"href":"https:\/\/crea-tor.com\/uk\/wp-json\/wp\/v2\/product_cat?post=3282"},{"taxonomy":"product_tag","embeddable":true,"href":"https:\/\/crea-tor.com\/uk\/wp-json\/wp\/v2\/product_tag?post=3282"}],"curies":[{"name":"wp","href":"https:\/\/api.w.org\/{rel}","templated":true}]}}